{"id":29545,"date":"2019-09-11T13:44:40","date_gmt":"2019-09-11T12:44:40","guid":{"rendered":"https:\/\/www.cdc-gtb.lu\/bedingungen-fur-die-stornierung-einer-schulungsanmeldung\/"},"modified":"2024-08-28T09:32:57","modified_gmt":"2024-08-28T08:32:57","slug":"bedingungen-fur-die-stornierung-einer-schulungsanmeldung","status":"publish","type":"page","link":"https:\/\/www.cdc-gtb.lu\/de\/bedingungen-fur-die-stornierung-einer-schulungsanmeldung\/","title":{"rendered":"Bedingungen f\u00fcr die Stornierung einer Schulungsanmeldung"},"content":{"rendered":"<p>Wir erinnern zu diesem Zweck an den entsprechenden Artikel unserer Allgemeinen Gesch\u00e4ftsbedingungen:<br \/>Jede Stornierung einer Anmeldung durch den Kunden muss den GTB\/PAR\/DIGIHW-Kompetenzzentren schriftlich mitgeteilt werden.<\/p>\n<p>Im Falle einer nicht ordnungsgem\u00e4\u00df mitgeteilten Stornierung ohne Vorlage eines \u00e4rztlichen Attests, das die Arbeitsunf\u00e4higkeit des Teilnehmers bescheinigt, wird eine Rechnung mit dem Schulungspreis pro Teilnehmer von den GTB \/ PAR \/ DIGIHW-Kompetenzzentren an das Unternehmen ausgestellt, unabh\u00e4ngig davon, ob das Unternehmen an die Bestimmungen der Branchenvereinbarung gebunden ist oder nicht.<\/p>\n<p>Rechnungsstellung:<\/p>\n<p>bei. Stornierung mehr als 10 Werktage vor der Schulung: kostenlos;<\/p>\n<p>B. Stornierung zwischen 6 und 9 Werktagen vor der Schulung: Berechnung von 50 %\/Preis\/Person;<\/p>\n<p>vs. Stornierung zwischen 3 und 5 Werktagen vor der Schulung: Berechnung von 75 %\/Preis\/Person;<\/p>\n<p>D. Stornierung weniger als 2 Werktage vor der Schulung: Berechnung von 100 %\/Preis\/Person.<\/p>\n<p>Der Austausch eines Teilnehmers durch einen anderen ist ohne zus\u00e4tzliche Kosten m\u00f6glich, sofern der Austausch vom Kunden vor Beginn des Trainings schriftlich mitgeteilt wird.<\/p>\n","protected":false},"excerpt":{"rendered":"<p>Wir erinnern zu diesem Zweck an den entsprechenden Artikel unserer Allgemeinen Gesch\u00e4ftsbedingungen:Jede Stornierung einer Anmeldung durch den Kunden muss den GTB\/PAR\/DIGIHW-Kompetenzzentren schriftlich mitgeteilt werden. Im Falle einer nicht ordnungsgem\u00e4\u00df mitgeteilten Stornierung ohne Vorlage eines \u00e4rztlichen Attests, das die Arbeitsunf\u00e4higkeit des Teilnehmers bescheinigt, wird eine Rechnung mit dem Schulungspreis pro Teilnehmer von den GTB \/ PAR [&hellip;]<\/p>\n","protected":false},"author":1,"featured_media":0,"parent":0,"menu_order":0,"comment_status":"closed","ping_status":"closed","template":"","meta":{"_acf_changed":false,"footnotes":""},"class_list":["post-29545","page","type-page","status-publish","hentry"],"acf":[],"yoast_head":"<!-- This site is optimized with the Yoast SEO plugin v25.2 - https:\/\/yoast.com\/wordpress\/plugins\/seo\/ -->\n<title>Bedingungen f\u00fcr die Stornierung einer Schulungsanmeldung - CDC GTB\/PAR<\/title>\n<meta name=\"robots\" content=\"index, follow, max-snippet:-1, max-image-preview:large, max-video-preview:-1\" \/>\n<link rel=\"canonical\" href=\"https:\/\/www.cdc-gtb.lu\/de\/bedingungen-fur-die-stornierung-einer-schulungsanmeldung\/\" \/>\n<meta property=\"og:locale\" content=\"de_DE\" \/>\n<meta property=\"og:type\" content=\"article\" \/>\n<meta property=\"og:title\" content=\"Bedingungen f\u00fcr die Stornierung einer Schulungsanmeldung - CDC GTB\/PAR\" \/>\n<meta property=\"og:description\" content=\"Wir erinnern zu diesem Zweck an den entsprechenden Artikel unserer Allgemeinen Gesch\u00e4ftsbedingungen:Jede Stornierung einer Anmeldung durch den Kunden muss den GTB\/PAR\/DIGIHW-Kompetenzzentren schriftlich mitgeteilt werden. Im Falle einer nicht ordnungsgem\u00e4\u00df mitgeteilten Stornierung ohne Vorlage eines \u00e4rztlichen Attests, das die Arbeitsunf\u00e4higkeit des Teilnehmers bescheinigt, wird eine Rechnung mit dem Schulungspreis pro Teilnehmer von den GTB \/ PAR [&hellip;]\" \/>\n<meta property=\"og:url\" content=\"https:\/\/www.cdc-gtb.lu\/de\/bedingungen-fur-die-stornierung-einer-schulungsanmeldung\/\" \/>\n<meta property=\"og:site_name\" content=\"CDC GTB\/PAR\" \/>\n<meta property=\"article:modified_time\" content=\"2024-08-28T08:32:57+00:00\" \/>\n<meta property=\"og:image\" content=\"https:\/\/www.cdc-gtb.lu\/wp-content\/uploads\/2021\/07\/GTBPAR-Logo01.png\" \/>\n\t<meta property=\"og:image:width\" content=\"1500\" \/>\n\t<meta property=\"og:image:height\" content=\"816\" \/>\n\t<meta property=\"og:image:type\" content=\"image\/png\" \/>\n<meta name=\"twitter:card\" content=\"summary_large_image\" \/>\n<meta name=\"twitter:label1\" content=\"Gesch\u00e4tzte Lesezeit\" \/>\n\t<meta name=\"twitter:data1\" content=\"1\u00a0Minute\" \/>\n<script type=\"application\/ld+json\" class=\"yoast-schema-graph\">{\"@context\":\"https:\/\/schema.org\",\"@graph\":[{\"@type\":\"WebPage\",\"@id\":\"https:\/\/www.cdc-gtb.lu\/de\/bedingungen-fur-die-stornierung-einer-schulungsanmeldung\/\",\"url\":\"https:\/\/www.cdc-gtb.lu\/de\/bedingungen-fur-die-stornierung-einer-schulungsanmeldung\/\",\"name\":\"Bedingungen f\u00fcr die Stornierung einer Schulungsanmeldung - CDC GTB\/PAR\",\"isPartOf\":{\"@id\":\"https:\/\/www.cdc-gtb.lu\/#website\"},\"datePublished\":\"2019-09-11T12:44:40+00:00\",\"dateModified\":\"2024-08-28T08:32:57+00:00\",\"breadcrumb\":{\"@id\":\"https:\/\/www.cdc-gtb.lu\/de\/bedingungen-fur-die-stornierung-einer-schulungsanmeldung\/#breadcrumb\"},\"inLanguage\":\"de\",\"potentialAction\":[{\"@type\":\"ReadAction\",\"target\":[\"https:\/\/www.cdc-gtb.lu\/de\/bedingungen-fur-die-stornierung-einer-schulungsanmeldung\/\"]}]},{\"@type\":\"BreadcrumbList\",\"@id\":\"https:\/\/www.cdc-gtb.lu\/de\/bedingungen-fur-die-stornierung-einer-schulungsanmeldung\/#breadcrumb\",\"itemListElement\":[{\"@type\":\"ListItem\",\"position\":1,\"name\":\"Home\",\"item\":\"https:\/\/www.cdc-gtb.lu\/de\/startseite\/\"},{\"@type\":\"ListItem\",\"position\":2,\"name\":\"Bedingungen f\u00fcr die Stornierung einer Schulungsanmeldung\"}]},{\"@type\":\"WebSite\",\"@id\":\"https:\/\/www.cdc-gtb.lu\/#website\",\"url\":\"https:\/\/www.cdc-gtb.lu\/\",\"name\":\"CDC GTB\/PAR\",\"description\":\"Centres de Comp\u00e9tences G\u00e9nie technique du B\u00e2timent (GTB) et Parach\u00e8vement (PAR)\",\"publisher\":{\"@id\":\"https:\/\/www.cdc-gtb.lu\/#organization\"},\"potentialAction\":[{\"@type\":\"SearchAction\",\"target\":{\"@type\":\"EntryPoint\",\"urlTemplate\":\"https:\/\/www.cdc-gtb.lu\/?s={search_term_string}\"},\"query-input\":{\"@type\":\"PropertyValueSpecification\",\"valueRequired\":true,\"valueName\":\"search_term_string\"}}],\"inLanguage\":\"de\"},{\"@type\":\"Organization\",\"@id\":\"https:\/\/www.cdc-gtb.lu\/#organization\",\"name\":\"Centres de Comp\u00e9tences G\u00e9nie Technique \/ Parach\u00e8vement\",\"url\":\"https:\/\/www.cdc-gtb.lu\/\",\"logo\":{\"@type\":\"ImageObject\",\"inLanguage\":\"de\",\"@id\":\"https:\/\/www.cdc-gtb.lu\/#\/schema\/logo\/image\/\",\"url\":\"https:\/\/www.cdc-gtb.lu\/wp-content\/uploads\/2021\/07\/GTBPAR-Logo01.png\",\"contentUrl\":\"https:\/\/www.cdc-gtb.lu\/wp-content\/uploads\/2021\/07\/GTBPAR-Logo01.png\",\"width\":1500,\"height\":816,\"caption\":\"Centres de Comp\u00e9tences G\u00e9nie Technique \/ Parach\u00e8vement\"},\"image\":{\"@id\":\"https:\/\/www.cdc-gtb.lu\/#\/schema\/logo\/image\/\"},\"sameAs\":[\"https:\/\/www.linkedin.com\/company\/centresdecomp\u00e9tencesgtbpar\/\",\"https:\/\/www.youtube.com\/channel\/UC_KCD3SJtFcDi69yLCA51rA\"]}]}<\/script>\n<!-- \/ Yoast SEO plugin. -->","yoast_head_json":{"title":"Bedingungen f\u00fcr die Stornierung einer Schulungsanmeldung - CDC GTB\/PAR","robots":{"index":"index","follow":"follow","max-snippet":"max-snippet:-1","max-image-preview":"max-image-preview:large","max-video-preview":"max-video-preview:-1"},"canonical":"https:\/\/www.cdc-gtb.lu\/de\/bedingungen-fur-die-stornierung-einer-schulungsanmeldung\/","og_locale":"de_DE","og_type":"article","og_title":"Bedingungen f\u00fcr die Stornierung einer Schulungsanmeldung - CDC GTB\/PAR","og_description":"Wir erinnern zu diesem Zweck an den entsprechenden Artikel unserer Allgemeinen Gesch\u00e4ftsbedingungen:Jede Stornierung einer Anmeldung durch den Kunden muss den GTB\/PAR\/DIGIHW-Kompetenzzentren schriftlich mitgeteilt werden. Im Falle einer nicht ordnungsgem\u00e4\u00df mitgeteilten Stornierung ohne Vorlage eines \u00e4rztlichen Attests, das die Arbeitsunf\u00e4higkeit des Teilnehmers bescheinigt, wird eine Rechnung mit dem Schulungspreis pro Teilnehmer von den GTB \/ PAR [&hellip;]","og_url":"https:\/\/www.cdc-gtb.lu\/de\/bedingungen-fur-die-stornierung-einer-schulungsanmeldung\/","og_site_name":"CDC GTB\/PAR","article_modified_time":"2024-08-28T08:32:57+00:00","og_image":[{"width":1500,"height":816,"url":"https:\/\/www.cdc-gtb.lu\/wp-content\/uploads\/2021\/07\/GTBPAR-Logo01.png","type":"image\/png"}],"twitter_card":"summary_large_image","twitter_misc":{"Gesch\u00e4tzte Lesezeit":"1\u00a0Minute"},"schema":{"@context":"https:\/\/schema.org","@graph":[{"@type":"WebPage","@id":"https:\/\/www.cdc-gtb.lu\/de\/bedingungen-fur-die-stornierung-einer-schulungsanmeldung\/","url":"https:\/\/www.cdc-gtb.lu\/de\/bedingungen-fur-die-stornierung-einer-schulungsanmeldung\/","name":"Bedingungen f\u00fcr die Stornierung einer Schulungsanmeldung - CDC GTB\/PAR","isPartOf":{"@id":"https:\/\/www.cdc-gtb.lu\/#website"},"datePublished":"2019-09-11T12:44:40+00:00","dateModified":"2024-08-28T08:32:57+00:00","breadcrumb":{"@id":"https:\/\/www.cdc-gtb.lu\/de\/bedingungen-fur-die-stornierung-einer-schulungsanmeldung\/#breadcrumb"},"inLanguage":"de","potentialAction":[{"@type":"ReadAction","target":["https:\/\/www.cdc-gtb.lu\/de\/bedingungen-fur-die-stornierung-einer-schulungsanmeldung\/"]}]},{"@type":"BreadcrumbList","@id":"https:\/\/www.cdc-gtb.lu\/de\/bedingungen-fur-die-stornierung-einer-schulungsanmeldung\/#breadcrumb","itemListElement":[{"@type":"ListItem","position":1,"name":"Home","item":"https:\/\/www.cdc-gtb.lu\/de\/startseite\/"},{"@type":"ListItem","position":2,"name":"Bedingungen f\u00fcr die Stornierung einer Schulungsanmeldung"}]},{"@type":"WebSite","@id":"https:\/\/www.cdc-gtb.lu\/#website","url":"https:\/\/www.cdc-gtb.lu\/","name":"CDC GTB\/PAR","description":"Centres de Comp\u00e9tences G\u00e9nie technique du B\u00e2timent (GTB) et Parach\u00e8vement (PAR)","publisher":{"@id":"https:\/\/www.cdc-gtb.lu\/#organization"},"potentialAction":[{"@type":"SearchAction","target":{"@type":"EntryPoint","urlTemplate":"https:\/\/www.cdc-gtb.lu\/?s={search_term_string}"},"query-input":{"@type":"PropertyValueSpecification","valueRequired":true,"valueName":"search_term_string"}}],"inLanguage":"de"},{"@type":"Organization","@id":"https:\/\/www.cdc-gtb.lu\/#organization","name":"Centres de Comp\u00e9tences G\u00e9nie Technique \/ Parach\u00e8vement","url":"https:\/\/www.cdc-gtb.lu\/","logo":{"@type":"ImageObject","inLanguage":"de","@id":"https:\/\/www.cdc-gtb.lu\/#\/schema\/logo\/image\/","url":"https:\/\/www.cdc-gtb.lu\/wp-content\/uploads\/2021\/07\/GTBPAR-Logo01.png","contentUrl":"https:\/\/www.cdc-gtb.lu\/wp-content\/uploads\/2021\/07\/GTBPAR-Logo01.png","width":1500,"height":816,"caption":"Centres de Comp\u00e9tences G\u00e9nie Technique \/ Parach\u00e8vement"},"image":{"@id":"https:\/\/www.cdc-gtb.lu\/#\/schema\/logo\/image\/"},"sameAs":["https:\/\/www.linkedin.com\/company\/centresdecomp\u00e9tencesgtbpar\/","https:\/\/www.youtube.com\/channel\/UC_KCD3SJtFcDi69yLCA51rA"]}]}},"_links":{"self":[{"href":"https:\/\/www.cdc-gtb.lu\/de\/wp-json\/wp\/v2\/pages\/29545"}],"collection":[{"href":"https:\/\/www.cdc-gtb.lu\/de\/wp-json\/wp\/v2\/pages"}],"about":[{"href":"https:\/\/www.cdc-gtb.lu\/de\/wp-json\/wp\/v2\/types\/page"}],"author":[{"embeddable":true,"href":"https:\/\/www.cdc-gtb.lu\/de\/wp-json\/wp\/v2\/users\/1"}],"replies":[{"embeddable":true,"href":"https:\/\/www.cdc-gtb.lu\/de\/wp-json\/wp\/v2\/comments?post=29545"}],"version-history":[{"count":3,"href":"https:\/\/www.cdc-gtb.lu\/de\/wp-json\/wp\/v2\/pages\/29545\/revisions"}],"predecessor-version":[{"id":37511,"href":"https:\/\/www.cdc-gtb.lu\/de\/wp-json\/wp\/v2\/pages\/29545\/revisions\/37511"}],"wp:attachment":[{"href":"https:\/\/www.cdc-gtb.lu\/de\/wp-json\/wp\/v2\/media?parent=29545"}],"curies":[{"name":"wp","href":"https:\/\/api.w.org\/{rel}","templated":true}]}}