{"id":29549,"date":"2021-07-06T14:39:38","date_gmt":"2021-07-06T13:39:38","guid":{"rendered":"https:\/\/www.cdc-gtb.lu\/kompendium-der-gewerbe\/"},"modified":"2022-04-15T10:34:42","modified_gmt":"2022-04-15T09:34:42","slug":"kompendium-der-gewerbe","status":"publish","type":"page","link":"https:\/\/www.cdc-gtb.lu\/de\/kompendium-der-gewerbe\/","title":{"rendered":"Kompendium der Gewerbe"},"content":{"rendered":"\t\t<div data-elementor-type=\"wp-page\" data-elementor-id=\"29549\" class=\"elementor elementor-29549 elementor-25314\" data-elementor-settings=\"[]\">\n\t\t\t\t\t\t\t<div class=\"elementor-section-wrap\">\n\t\t\t\t\t\t\t<section class=\"elementor-section elementor-top-section elementor-element elementor-element-6a40ad1 elementor-section-stretched elementor-section-full_width elementor-section-height-default elementor-section-height-default\" data-id=\"6a40ad1\" data-element_type=\"section\" data-settings=\"{&quot;stretch_section&quot;:&quot;section-stretched&quot;}\">\n\t\t\t\t\t\t<div class=\"elementor-container elementor-column-gap-no\">\n\t\t\t\t\t<div class=\"elementor-column elementor-col-100 elementor-top-column elementor-element elementor-element-4de6898\" data-id=\"4de6898\" data-element_type=\"column\">\n\t\t\t<div class=\"elementor-widget-wrap elementor-element-populated\">\n\t\t\t\t\t\t\t\t<div class=\"elementor-element elementor-element-1bb7fd1 elementor-widget-divider--view-line elementor-widget elementor-widget-divider\" data-id=\"1bb7fd1\" data-element_type=\"widget\" data-widget_type=\"divider.default\">\n\t\t\t\t<div class=\"elementor-widget-container\">\n\t\t\t\t\t<div class=\"elementor-divider\">\n\t\t\t<span class=\"elementor-divider-separator\">\n\t\t\t\t\t\t<\/span>\n\t\t<\/div>\n\t\t\t\t<\/div>\n\t\t\t\t<\/div>\n\t\t\t\t\t<\/div>\n\t\t<\/div>\n\t\t\t\t\t\t\t<\/div>\n\t\t<\/section>\n\t\t\t\t<section class=\"elementor-section elementor-top-section elementor-element elementor-element-8bd0043 elementor-section-boxed elementor-section-height-default elementor-section-height-default\" data-id=\"8bd0043\" data-element_type=\"section\">\n\t\t\t\t\t\t<div class=\"elementor-container elementor-column-gap-default\">\n\t\t\t\t\t<div class=\"elementor-column elementor-col-100 elementor-top-column elementor-element elementor-element-0fbc392\" data-id=\"0fbc392\" data-element_type=\"column\">\n\t\t\t<div class=\"elementor-widget-wrap elementor-element-populated\">\n\t\t\t\t\t\t\t\t<div class=\"elementor-section elementor-inner-section elementor-element elementor-element-2118e94 elementor-section-boxed elementor-section-height-default elementor-section-height-default\" data-id=\"2118e94\" data-element_type=\"section\">\n\t\t\t\t\t\t<div class=\"elementor-container elementor-column-gap-default\">\n\t\t\t\t\t<div class=\"elementor-column elementor-col-100 elementor-inner-column elementor-element elementor-element-e4780a9\" data-id=\"e4780a9\" data-element_type=\"column\">\n\t\t\t<div class=\"elementor-widget-wrap elementor-element-populated\">\n\t\t\t\t\t\t\t\t<div class=\"elementor-element elementor-element-ba9a152 elementor-widget elementor-widget-heading\" data-id=\"ba9a152\" data-element_type=\"widget\" data-widget_type=\"heading.default\">\n\t\t\t\t<div class=\"elementor-widget-container\">\n\t\t\t<h2 class=\"elementor-heading-title elementor-size-default\">Handel<\/h2>\t\t<\/div>\n\t\t\t\t<\/div>\n\t\t\t\t<div class=\"elementor-element elementor-element-5c8ab17 elementor-widget elementor-widget-text-editor\" data-id=\"5c8ab17\" data-element_type=\"widget\" data-widget_type=\"text-editor.default\">\n\t\t\t\t<div class=\"elementor-widget-container\">\n\t\t\t\t\t\t\t<p><a href=\"https:\/\/metiers.cdc-gtb.lu\/job\/\" target=\"_blank\" rel=\"noopener\">Hier finden Sie<\/a> Informationen zu den einzelnen Berufen in den Bereichen Technischer Geb\u00e4udetechnik (GTB) und Ausbau (PAR). Klicken Sie einfach auf den Berufssektor, der Sie interessiert, und dann auf den betreffenden Beruf, um die n\u00fctzlichen Daten \u00fcber den Verband, dem Sie angeh\u00f6ren, die Satzung des Tarifvertrags und die wichtigsten ausge\u00fcbten T\u00e4tigkeiten anzuzeigen.<\/p>\t\t\t\t\t\t<\/div>\n\t\t\t\t<\/div>\n\t\t\t\t<div class=\"elementor-element elementor-element-1aa80a1 elementor-align-center elementor-widget elementor-widget-button\" data-id=\"1aa80a1\" data-element_type=\"widget\" data-widget_type=\"button.default\">\n\t\t\t\t<div class=\"elementor-widget-container\">\n\t\t\t\t\t<div class=\"elementor-button-wrapper\">\n\t\t\t<a href=\"https:\/\/metiers.cdc-gtb.lu\/job\/\" target=\"_blank\" class=\"elementor-button-link elementor-button elementor-size-sm\" role=\"button\">\n\t\t\t\t\t\t<span class=\"elementor-button-content-wrapper\">\n\t\t\t\t\t\t<span class=\"elementor-button-icon elementor-align-icon-right\">\n\t\t\t\t<svg xmlns=\"http:\/\/www.w3.org\/2000\/svg\" xmlns:xlink=\"http:\/\/www.w3.org\/1999\/xlink\" id=\"Layer_1\" x=\"0px\" y=\"0px\" viewBox=\"0 0 492.004 492.004\" style=\"enable-background:new 0 0 492.004 492.004;\" xml:space=\"preserve\" width=\"10px\" height=\"14px\">\n<g>\n\t<g>\n\t\t<path d=\"M382.678,226.804L163.73,7.86C158.666,2.792,151.906,0,144.698,0s-13.968,2.792-19.032,7.86l-16.124,16.12    c-10.492,10.504-10.492,27.576,0,38.064L293.398,245.9l-184.06,184.06c-5.064,5.068-7.86,11.824-7.86,19.028    c0,7.212,2.796,13.968,7.86,19.04l16.124,16.116c5.068,5.068,11.824,7.86,19.032,7.86s13.968-2.792,19.032-7.86L382.678,265    c5.076-5.084,7.864-11.872,7.848-19.088C390.542,238.668,387.754,231.884,382.678,226.804z\"><\/path>\n\t<\/g>\n<\/g>\n<g>\n<\/g>\n<g>\n<\/g>\n<g>\n<\/g>\n<g>\n<\/g>\n<g>\n<\/g>\n<g>\n<\/g>\n<g>\n<\/g>\n<g>\n<\/g>\n<g>\n<\/g>\n<g>\n<\/g>\n<g>\n<\/g>\n<g>\n<\/g>\n<g>\n<\/g>\n<g>\n<\/g>\n<g>\n<\/g>\n<\/svg>\t\t\t<\/span>\n\t\t\t\t\t\t<span class=\"elementor-button-text\">Entdecken Sie unsere Handwerksbl\u00e4tter<\/span>\n\t\t<\/span>\n\t\t\t\t\t<\/a>\n\t\t<\/div>\n\t\t\t\t<\/div>\n\t\t\t\t<\/div>\n\t\t\t\t\t<\/div>\n\t\t<\/div>\n\t\t\t\t\t\t\t<\/div>\n\t\t<\/div>\n\t\t\t\t\t<\/div>\n\t\t<\/div>\n\t\t\t\t\t\t\t<\/div>\n\t\t<\/section>\n\t\t\t\t<section class=\"elementor-section elementor-top-section elementor-element elementor-element-effee10 elementor-section-boxed elementor-section-height-default elementor-section-height-default\" data-id=\"effee10\" data-element_type=\"section\">\n\t\t\t\t\t\t<div class=\"elementor-container elementor-column-gap-default\">\n\t\t\t\t\t<div class=\"elementor-column elementor-col-33 elementor-top-column elementor-element elementor-element-1f45eef\" data-id=\"1f45eef\" data-element_type=\"column\">\n\t\t\t<div class=\"elementor-widget-wrap elementor-element-populated\">\n\t\t\t\t\t\t\t\t<div class=\"elementor-element elementor-element-5470408 elementor-widget elementor-widget-image\" data-id=\"5470408\" data-element_type=\"widget\" data-widget_type=\"image.default\">\n\t\t\t\t<div class=\"elementor-widget-container\">\n\t\t\t\t\t\t\t\t\t\t\t\t\t\t\t<img loading=\"lazy\" decoding=\"async\" width=\"500\" height=\"500\" src=\"https:\/\/www.cdc-gtb.lu\/wp-content\/uploads\/2021\/10\/Untitled-design-7-1-500x500.png\" class=\"attachment-large size-large\" alt=\"\" srcset=\"https:\/\/www.cdc-gtb.lu\/wp-content\/uploads\/2021\/10\/Untitled-design-7-1.png 500w, https:\/\/www.cdc-gtb.lu\/wp-content\/uploads\/2021\/10\/Untitled-design-7-1-300x300.png 300w, https:\/\/www.cdc-gtb.lu\/wp-content\/uploads\/2021\/10\/Untitled-design-7-1-150x150.png 150w, https:\/\/www.cdc-gtb.lu\/wp-content\/uploads\/2021\/10\/Untitled-design-7-1-240x240.png 240w, https:\/\/www.cdc-gtb.lu\/wp-content\/uploads\/2021\/10\/Untitled-design-7-1-280x280.png 280w\" sizes=\"(max-width: 500px) 100vw, 500px\" \/>\t\t\t\t\t\t\t\t\t\t\t\t\t\t\t<\/div>\n\t\t\t\t<\/div>\n\t\t\t\t\t<\/div>\n\t\t<\/div>\n\t\t\t\t<div class=\"elementor-column elementor-col-33 elementor-top-column elementor-element elementor-element-e7e01ce\" data-id=\"e7e01ce\" data-element_type=\"column\">\n\t\t\t<div class=\"elementor-widget-wrap elementor-element-populated\">\n\t\t\t\t\t\t\t\t<div class=\"elementor-element elementor-element-b04c197 elementor-widget elementor-widget-image\" data-id=\"b04c197\" data-element_type=\"widget\" data-widget_type=\"image.default\">\n\t\t\t\t<div class=\"elementor-widget-container\">\n\t\t\t\t\t\t\t\t\t\t\t\t\t\t\t<img loading=\"lazy\" decoding=\"async\" width=\"500\" height=\"500\" src=\"https:\/\/www.cdc-gtb.lu\/wp-content\/uploads\/2021\/10\/Untitled-design-6-500x500.png\" class=\"attachment-large size-large\" alt=\"\" srcset=\"https:\/\/www.cdc-gtb.lu\/wp-content\/uploads\/2021\/10\/Untitled-design-6.png 500w, https:\/\/www.cdc-gtb.lu\/wp-content\/uploads\/2021\/10\/Untitled-design-6-300x300.png 300w, https:\/\/www.cdc-gtb.lu\/wp-content\/uploads\/2021\/10\/Untitled-design-6-150x150.png 150w, https:\/\/www.cdc-gtb.lu\/wp-content\/uploads\/2021\/10\/Untitled-design-6-240x240.png 240w, https:\/\/www.cdc-gtb.lu\/wp-content\/uploads\/2021\/10\/Untitled-design-6-280x280.png 280w\" sizes=\"(max-width: 500px) 100vw, 500px\" \/>\t\t\t\t\t\t\t\t\t\t\t\t\t\t\t<\/div>\n\t\t\t\t<\/div>\n\t\t\t\t\t<\/div>\n\t\t<\/div>\n\t\t\t\t<div class=\"elementor-column elementor-col-33 elementor-top-column elementor-element elementor-element-a6add6b\" data-id=\"a6add6b\" data-element_type=\"column\">\n\t\t\t<div class=\"elementor-widget-wrap elementor-element-populated\">\n\t\t\t\t\t\t\t\t<div class=\"elementor-element elementor-element-6f3e6d1 elementor-widget elementor-widget-image\" data-id=\"6f3e6d1\" data-element_type=\"widget\" data-widget_type=\"image.default\">\n\t\t\t\t<div class=\"elementor-widget-container\">\n\t\t\t\t\t\t\t\t\t\t\t\t\t\t\t<img loading=\"lazy\" decoding=\"async\" width=\"500\" height=\"500\" src=\"https:\/\/www.cdc-gtb.lu\/wp-content\/uploads\/2021\/10\/Untitled-design-8-500x500.png\" class=\"attachment-large size-large\" alt=\"\" srcset=\"https:\/\/www.cdc-gtb.lu\/wp-content\/uploads\/2021\/10\/Untitled-design-8.png 500w, https:\/\/www.cdc-gtb.lu\/wp-content\/uploads\/2021\/10\/Untitled-design-8-300x300.png 300w, https:\/\/www.cdc-gtb.lu\/wp-content\/uploads\/2021\/10\/Untitled-design-8-150x150.png 150w, https:\/\/www.cdc-gtb.lu\/wp-content\/uploads\/2021\/10\/Untitled-design-8-240x240.png 240w, https:\/\/www.cdc-gtb.lu\/wp-content\/uploads\/2021\/10\/Untitled-design-8-280x280.png 280w\" sizes=\"(max-width: 500px) 100vw, 500px\" \/>\t\t\t\t\t\t\t\t\t\t\t\t\t\t\t<\/div>\n\t\t\t\t<\/div>\n\t\t\t\t\t<\/div>\n\t\t<\/div>\n\t\t\t\t\t\t\t<\/div>\n\t\t<\/section>\n\t\t\t\t\t\t<\/div>\n\t\t\t\t\t<\/div>\n\t\t","protected":false},"excerpt":{"rendered":"<p>Hier finden Sie ein Berufskompendium mit n\u00fctzlichen Informationen zu jedem Beruf. <\/p>\n","protected":false},"author":1,"featured_media":29218,"parent":0,"menu_order":0,"comment_status":"closed","ping_status":"closed","template":"","meta":{"_acf_changed":false,"footnotes":""},"class_list":["post-29549","page","type-page","status-publish","has-post-thumbnail","hentry"],"acf":[],"yoast_head":"<!-- This site is optimized with the Yoast SEO plugin v25.2 - https:\/\/yoast.com\/wordpress\/plugins\/seo\/ -->\n<title>Kompendium der Gewerbe - CDC GTB\/PAR<\/title>\n<meta name=\"robots\" content=\"index, follow, max-snippet:-1, max-image-preview:large, max-video-preview:-1\" \/>\n<link rel=\"canonical\" href=\"https:\/\/www.cdc-gtb.lu\/de\/kompendium-der-gewerbe\/\" \/>\n<meta property=\"og:locale\" content=\"de_DE\" \/>\n<meta property=\"og:type\" content=\"article\" \/>\n<meta property=\"og:title\" content=\"Kompendium der Gewerbe - CDC GTB\/PAR\" \/>\n<meta property=\"og:description\" content=\"Hier finden Sie ein Berufskompendium mit n\u00fctzlichen Informationen zu jedem Beruf.\" \/>\n<meta property=\"og:url\" content=\"https:\/\/www.cdc-gtb.lu\/de\/kompendium-der-gewerbe\/\" \/>\n<meta property=\"og:site_name\" content=\"CDC GTB\/PAR\" \/>\n<meta property=\"article:modified_time\" content=\"2022-04-15T09:34:42+00:00\" \/>\n<meta property=\"og:image\" content=\"https:\/\/www.cdc-gtb.lu\/wp-content\/uploads\/2019\/12\/bg-header.jpg\" \/>\n\t<meta property=\"og:image:width\" content=\"1920\" \/>\n\t<meta property=\"og:image:height\" content=\"790\" \/>\n\t<meta property=\"og:image:type\" content=\"image\/jpeg\" \/>\n<meta name=\"twitter:card\" content=\"summary_large_image\" \/>\n<script type=\"application\/ld+json\" class=\"yoast-schema-graph\">{\"@context\":\"https:\/\/schema.org\",\"@graph\":[{\"@type\":\"WebPage\",\"@id\":\"https:\/\/www.cdc-gtb.lu\/de\/kompendium-der-gewerbe\/\",\"url\":\"https:\/\/www.cdc-gtb.lu\/de\/kompendium-der-gewerbe\/\",\"name\":\"Kompendium der Gewerbe - CDC GTB\/PAR\",\"isPartOf\":{\"@id\":\"https:\/\/www.cdc-gtb.lu\/#website\"},\"primaryImageOfPage\":{\"@id\":\"https:\/\/www.cdc-gtb.lu\/de\/kompendium-der-gewerbe\/#primaryimage\"},\"image\":{\"@id\":\"https:\/\/www.cdc-gtb.lu\/de\/kompendium-der-gewerbe\/#primaryimage\"},\"thumbnailUrl\":\"https:\/\/www.cdc-gtb.lu\/wp-content\/uploads\/2019\/12\/bg-header.jpg\",\"datePublished\":\"2021-07-06T13:39:38+00:00\",\"dateModified\":\"2022-04-15T09:34:42+00:00\",\"breadcrumb\":{\"@id\":\"https:\/\/www.cdc-gtb.lu\/de\/kompendium-der-gewerbe\/#breadcrumb\"},\"inLanguage\":\"de\",\"potentialAction\":[{\"@type\":\"ReadAction\",\"target\":[\"https:\/\/www.cdc-gtb.lu\/de\/kompendium-der-gewerbe\/\"]}]},{\"@type\":\"ImageObject\",\"inLanguage\":\"de\",\"@id\":\"https:\/\/www.cdc-gtb.lu\/de\/kompendium-der-gewerbe\/#primaryimage\",\"url\":\"https:\/\/www.cdc-gtb.lu\/wp-content\/uploads\/2019\/12\/bg-header.jpg\",\"contentUrl\":\"https:\/\/www.cdc-gtb.lu\/wp-content\/uploads\/2019\/12\/bg-header.jpg\",\"width\":1920,\"height\":790},{\"@type\":\"BreadcrumbList\",\"@id\":\"https:\/\/www.cdc-gtb.lu\/de\/kompendium-der-gewerbe\/#breadcrumb\",\"itemListElement\":[{\"@type\":\"ListItem\",\"position\":1,\"name\":\"Home\",\"item\":\"https:\/\/www.cdc-gtb.lu\/de\/startseite\/\"},{\"@type\":\"ListItem\",\"position\":2,\"name\":\"Kompendium der Gewerbe\"}]},{\"@type\":\"WebSite\",\"@id\":\"https:\/\/www.cdc-gtb.lu\/#website\",\"url\":\"https:\/\/www.cdc-gtb.lu\/\",\"name\":\"CDC GTB\/PAR\",\"description\":\"Centres de Comp\u00e9tences G\u00e9nie technique du B\u00e2timent (GTB) et Parach\u00e8vement (PAR)\",\"publisher\":{\"@id\":\"https:\/\/www.cdc-gtb.lu\/#organization\"},\"potentialAction\":[{\"@type\":\"SearchAction\",\"target\":{\"@type\":\"EntryPoint\",\"urlTemplate\":\"https:\/\/www.cdc-gtb.lu\/?s={search_term_string}\"},\"query-input\":{\"@type\":\"PropertyValueSpecification\",\"valueRequired\":true,\"valueName\":\"search_term_string\"}}],\"inLanguage\":\"de\"},{\"@type\":\"Organization\",\"@id\":\"https:\/\/www.cdc-gtb.lu\/#organization\",\"name\":\"Centres de Comp\u00e9tences G\u00e9nie Technique \/ Parach\u00e8vement\",\"url\":\"https:\/\/www.cdc-gtb.lu\/\",\"logo\":{\"@type\":\"ImageObject\",\"inLanguage\":\"de\",\"@id\":\"https:\/\/www.cdc-gtb.lu\/#\/schema\/logo\/image\/\",\"url\":\"https:\/\/www.cdc-gtb.lu\/wp-content\/uploads\/2021\/07\/GTBPAR-Logo01.png\",\"contentUrl\":\"https:\/\/www.cdc-gtb.lu\/wp-content\/uploads\/2021\/07\/GTBPAR-Logo01.png\",\"width\":1500,\"height\":816,\"caption\":\"Centres de Comp\u00e9tences G\u00e9nie Technique \/ Parach\u00e8vement\"},\"image\":{\"@id\":\"https:\/\/www.cdc-gtb.lu\/#\/schema\/logo\/image\/\"},\"sameAs\":[\"https:\/\/www.linkedin.com\/company\/centresdecomp\u00e9tencesgtbpar\/\",\"https:\/\/www.youtube.com\/channel\/UC_KCD3SJtFcDi69yLCA51rA\"]}]}<\/script>\n<!-- \/ Yoast SEO plugin. -->","yoast_head_json":{"title":"Kompendium der Gewerbe - CDC GTB\/PAR","robots":{"index":"index","follow":"follow","max-snippet":"max-snippet:-1","max-image-preview":"max-image-preview:large","max-video-preview":"max-video-preview:-1"},"canonical":"https:\/\/www.cdc-gtb.lu\/de\/kompendium-der-gewerbe\/","og_locale":"de_DE","og_type":"article","og_title":"Kompendium der Gewerbe - CDC GTB\/PAR","og_description":"Hier finden Sie ein Berufskompendium mit n\u00fctzlichen Informationen zu jedem Beruf.","og_url":"https:\/\/www.cdc-gtb.lu\/de\/kompendium-der-gewerbe\/","og_site_name":"CDC GTB\/PAR","article_modified_time":"2022-04-15T09:34:42+00:00","og_image":[{"width":1920,"height":790,"url":"https:\/\/www.cdc-gtb.lu\/wp-content\/uploads\/2019\/12\/bg-header.jpg","type":"image\/jpeg"}],"twitter_card":"summary_large_image","schema":{"@context":"https:\/\/schema.org","@graph":[{"@type":"WebPage","@id":"https:\/\/www.cdc-gtb.lu\/de\/kompendium-der-gewerbe\/","url":"https:\/\/www.cdc-gtb.lu\/de\/kompendium-der-gewerbe\/","name":"Kompendium der Gewerbe - CDC GTB\/PAR","isPartOf":{"@id":"https:\/\/www.cdc-gtb.lu\/#website"},"primaryImageOfPage":{"@id":"https:\/\/www.cdc-gtb.lu\/de\/kompendium-der-gewerbe\/#primaryimage"},"image":{"@id":"https:\/\/www.cdc-gtb.lu\/de\/kompendium-der-gewerbe\/#primaryimage"},"thumbnailUrl":"https:\/\/www.cdc-gtb.lu\/wp-content\/uploads\/2019\/12\/bg-header.jpg","datePublished":"2021-07-06T13:39:38+00:00","dateModified":"2022-04-15T09:34:42+00:00","breadcrumb":{"@id":"https:\/\/www.cdc-gtb.lu\/de\/kompendium-der-gewerbe\/#breadcrumb"},"inLanguage":"de","potentialAction":[{"@type":"ReadAction","target":["https:\/\/www.cdc-gtb.lu\/de\/kompendium-der-gewerbe\/"]}]},{"@type":"ImageObject","inLanguage":"de","@id":"https:\/\/www.cdc-gtb.lu\/de\/kompendium-der-gewerbe\/#primaryimage","url":"https:\/\/www.cdc-gtb.lu\/wp-content\/uploads\/2019\/12\/bg-header.jpg","contentUrl":"https:\/\/www.cdc-gtb.lu\/wp-content\/uploads\/2019\/12\/bg-header.jpg","width":1920,"height":790},{"@type":"BreadcrumbList","@id":"https:\/\/www.cdc-gtb.lu\/de\/kompendium-der-gewerbe\/#breadcrumb","itemListElement":[{"@type":"ListItem","position":1,"name":"Home","item":"https:\/\/www.cdc-gtb.lu\/de\/startseite\/"},{"@type":"ListItem","position":2,"name":"Kompendium der Gewerbe"}]},{"@type":"WebSite","@id":"https:\/\/www.cdc-gtb.lu\/#website","url":"https:\/\/www.cdc-gtb.lu\/","name":"CDC GTB\/PAR","description":"Centres de Comp\u00e9tences G\u00e9nie technique du B\u00e2timent (GTB) et Parach\u00e8vement (PAR)","publisher":{"@id":"https:\/\/www.cdc-gtb.lu\/#organization"},"potentialAction":[{"@type":"SearchAction","target":{"@type":"EntryPoint","urlTemplate":"https:\/\/www.cdc-gtb.lu\/?s={search_term_string}"},"query-input":{"@type":"PropertyValueSpecification","valueRequired":true,"valueName":"search_term_string"}}],"inLanguage":"de"},{"@type":"Organization","@id":"https:\/\/www.cdc-gtb.lu\/#organization","name":"Centres de Comp\u00e9tences G\u00e9nie Technique \/ Parach\u00e8vement","url":"https:\/\/www.cdc-gtb.lu\/","logo":{"@type":"ImageObject","inLanguage":"de","@id":"https:\/\/www.cdc-gtb.lu\/#\/schema\/logo\/image\/","url":"https:\/\/www.cdc-gtb.lu\/wp-content\/uploads\/2021\/07\/GTBPAR-Logo01.png","contentUrl":"https:\/\/www.cdc-gtb.lu\/wp-content\/uploads\/2021\/07\/GTBPAR-Logo01.png","width":1500,"height":816,"caption":"Centres de Comp\u00e9tences G\u00e9nie Technique \/ Parach\u00e8vement"},"image":{"@id":"https:\/\/www.cdc-gtb.lu\/#\/schema\/logo\/image\/"},"sameAs":["https:\/\/www.linkedin.com\/company\/centresdecomp\u00e9tencesgtbpar\/","https:\/\/www.youtube.com\/channel\/UC_KCD3SJtFcDi69yLCA51rA"]}]}},"_links":{"self":[{"href":"https:\/\/www.cdc-gtb.lu\/de\/wp-json\/wp\/v2\/pages\/29549"}],"collection":[{"href":"https:\/\/www.cdc-gtb.lu\/de\/wp-json\/wp\/v2\/pages"}],"about":[{"href":"https:\/\/www.cdc-gtb.lu\/de\/wp-json\/wp\/v2\/types\/page"}],"author":[{"embeddable":true,"href":"https:\/\/www.cdc-gtb.lu\/de\/wp-json\/wp\/v2\/users\/1"}],"replies":[{"embeddable":true,"href":"https:\/\/www.cdc-gtb.lu\/de\/wp-json\/wp\/v2\/comments?post=29549"}],"version-history":[{"count":0,"href":"https:\/\/www.cdc-gtb.lu\/de\/wp-json\/wp\/v2\/pages\/29549\/revisions"}],"wp:featuredmedia":[{"embeddable":true,"href":"https:\/\/www.cdc-gtb.lu\/de\/wp-json\/wp\/v2\/media\/29218"}],"wp:attachment":[{"href":"https:\/\/www.cdc-gtb.lu\/de\/wp-json\/wp\/v2\/media?parent=29549"}],"curies":[{"name":"wp","href":"https:\/\/api.w.org\/{rel}","templated":true}]}}