{"id":29565,"date":"2021-11-23T16:12:51","date_gmt":"2021-11-23T15:12:51","guid":{"rendered":"https:\/\/www.cdc-gtb.lu\/betreten\/"},"modified":"2023-03-20T14:59:38","modified_gmt":"2023-03-20T13:59:38","slug":"betreten","status":"publish","type":"page","link":"https:\/\/www.cdc-gtb.lu\/de\/betreten\/","title":{"rendered":"Betreten"},"content":{"rendered":"\t\t<div data-elementor-type=\"wp-page\" data-elementor-id=\"29565\" class=\"elementor elementor-29565 elementor-28619\" data-elementor-settings=\"[]\">\n\t\t\t\t\t\t\t<div class=\"elementor-section-wrap\">\n\t\t\t\t\t\t\t<section class=\"elementor-section elementor-top-section elementor-element elementor-element-6a40ad1 elementor-section-stretched elementor-section-full_width elementor-section-height-default elementor-section-height-default\" data-id=\"6a40ad1\" data-element_type=\"section\" data-settings=\"{&quot;stretch_section&quot;:&quot;section-stretched&quot;}\">\n\t\t\t\t\t\t<div class=\"elementor-container elementor-column-gap-no\">\n\t\t\t\t\t<div class=\"elementor-column elementor-col-100 elementor-top-column elementor-element elementor-element-4de6898\" data-id=\"4de6898\" data-element_type=\"column\">\n\t\t\t<div class=\"elementor-widget-wrap elementor-element-populated\">\n\t\t\t\t\t\t\t\t<div class=\"elementor-element elementor-element-1bb7fd1 elementor-widget-divider--view-line elementor-widget elementor-widget-divider\" data-id=\"1bb7fd1\" data-element_type=\"widget\" data-widget_type=\"divider.default\">\n\t\t\t\t<div class=\"elementor-widget-container\">\n\t\t\t\t\t<div class=\"elementor-divider\">\n\t\t\t<span class=\"elementor-divider-separator\">\n\t\t\t\t\t\t<\/span>\n\t\t<\/div>\n\t\t\t\t<\/div>\n\t\t\t\t<\/div>\n\t\t\t\t\t<\/div>\n\t\t<\/div>\n\t\t\t\t\t\t\t<\/div>\n\t\t<\/section>\n\t\t\t\t<section class=\"elementor-section elementor-top-section elementor-element elementor-element-a14a90b elementor-section-boxed elementor-section-height-default elementor-section-height-default\" data-id=\"a14a90b\" data-element_type=\"section\">\n\t\t\t\t\t\t<div class=\"elementor-container elementor-column-gap-default\">\n\t\t\t\t\t<div class=\"elementor-column elementor-col-100 elementor-top-column elementor-element elementor-element-927c9ac\" data-id=\"927c9ac\" data-element_type=\"column\">\n\t\t\t<div class=\"elementor-widget-wrap elementor-element-populated\">\n\t\t\t\t\t\t\t\t<div class=\"elementor-element elementor-element-261e7a9 elementor-widget elementor-widget-heading\" data-id=\"261e7a9\" data-element_type=\"widget\" data-widget_type=\"heading.default\">\n\t\t\t\t<div class=\"elementor-widget-container\">\n\t\t\t<h2 class=\"elementor-heading-title elementor-size-default\">Um uns zu finden<\/h2>\t\t<\/div>\n\t\t\t\t<\/div>\n\t\t\t\t<div class=\"elementor-element elementor-element-bcdff09 elementor-widget elementor-widget-text-editor\" data-id=\"bcdff09\" data-element_type=\"widget\" data-widget_type=\"text-editor.default\">\n\t\t\t\t<div class=\"elementor-widget-container\">\n\t\t\t\t\t\t\t<p>Fahren Sie vom Croix de Bettembourg auf die A13 in Richtung Deutschland und nehmen Sie die <strong>Ausfahrt in Richtung Bettembourg\/Hellige\/ZAE Wolser<\/strong> . Im Kreisverkehr nehmen Sie die 2. Ausfahrt Richtung Wolser. Biegen Sie an <strong>der CUPRA SEAT &#8211; Garage<\/strong> links ab . Am Kreisverkehr geradeaus weiterfahren. Biegen Sie rechts ab und fahren Sie weiter bis zum Zentrum, das sich nach dem 2. Kreisverkehr auf der rechten Seite befindet.<\/p>\n<p>Bitte <span style=\"text-decoration: underline;\"><strong>vermeiden Sie es, den Anweisungen des GPS zu folgen<\/strong><\/span> , das Sie \u00fcber den Bahnhof Bettemburg in eine Sackgasse (Schranke) f\u00fchrt. Sie k\u00f6nnen <a href=\"https:\/\/www.waze.com\/fr\/apps\/\" target=\"_blank\" rel=\"noopener\">die Waze-Anwendung<\/a> bevorzugen, um sicher anzukommen.<\/p>\n<p>Denken Sie daran, Fahrgemeinschaften zu bilden oder die \u00f6ffentlichen Verkehrsmittel zu nutzen! Der <a href=\"https:\/\/www.cfl.lu\/fr-FR\/network\/station\/Gare-de-Bettembourg\">Bahnhof Bettemburg<\/a> ist zehn Minuten zu Fu\u00df entfernt und das Bildungszentrum wird von der <a href=\"https:\/\/www.mobiliteit.lu\/fr\/ligne\/bus-631-rgtr\/\">Buslinie 631<\/a>, Haltestelle Krakelshaff IFSB, angefahren.<\/p>\n\t\t\t\t\t\t<\/div>\n\t\t\t\t<\/div>\n\t\t\t\t\t<\/div>\n\t\t<\/div>\n\t\t\t\t\t\t\t<\/div>\n\t\t<\/section>\n\t\t\t\t<section class=\"elementor-section elementor-top-section elementor-element elementor-element-373ff0a elementor-section-boxed elementor-section-height-default elementor-section-height-default\" data-id=\"373ff0a\" data-element_type=\"section\">\n\t\t\t\t\t\t<div class=\"elementor-container elementor-column-gap-default\">\n\t\t\t\t\t<div class=\"elementor-column elementor-col-100 elementor-top-column elementor-element elementor-element-cc6dd88\" data-id=\"cc6dd88\" data-element_type=\"column\">\n\t\t\t<div class=\"elementor-widget-wrap elementor-element-populated\">\n\t\t\t\t\t\t\t\t<div class=\"elementor-element elementor-element-5a9247c elementor-widget elementor-widget-google_maps\" data-id=\"5a9247c\" data-element_type=\"widget\" data-widget_type=\"google_maps.default\">\n\t\t\t\t<div class=\"elementor-widget-container\">\n\t\t\t\t\t<div class=\"elementor-custom-embed\">\n\t\t\t<iframe frameborder=\"0\" scrolling=\"no\" marginheight=\"0\" marginwidth=\"0\"\n\t\t\t\t\tsrc=\"https:\/\/maps.google.com\/maps?q=Centre%20de%20Comp%C3%A9tences%20G%C3%A9nie%20Technique%20du%20B%C3%A2timent%20448%20ZAE%20Krakelshaff%2C%203290%20Bettembourg%2C%20Luxembourg&#038;t=m&#038;z=10&#038;output=embed&#038;iwloc=near\"\n\t\t\t\t\ttitle=\"Centre de Comp\u00e9tences G\u00e9nie Technique du B\u00e2timent 448 ZAE Krakelshaff, 3290 Bettembourg, Luxembourg\"\n\t\t\t\t\taria-label=\"Centre de Comp\u00e9tences G\u00e9nie Technique du B\u00e2timent 448 ZAE Krakelshaff, 3290 Bettembourg, Luxembourg\"\n\t\t\t><\/iframe>\n\t\t<\/div>\n\t\t\t\t<\/div>\n\t\t\t\t<\/div>\n\t\t\t\t\t<\/div>\n\t\t<\/div>\n\t\t\t\t\t\t\t<\/div>\n\t\t<\/section>\n\t\t\t\t<section class=\"elementor-section elementor-top-section elementor-element elementor-element-1d2584f elementor-section-boxed elementor-section-height-default elementor-section-height-default\" data-id=\"1d2584f\" data-element_type=\"section\">\n\t\t\t\t\t\t<div class=\"elementor-container elementor-column-gap-default\">\n\t\t\t\t\t<div class=\"elementor-column elementor-col-100 elementor-top-column elementor-element elementor-element-9066ddc\" data-id=\"9066ddc\" data-element_type=\"column\">\n\t\t\t<div class=\"elementor-widget-wrap elementor-element-populated\">\n\t\t\t\t\t\t\t\t<div class=\"elementor-element elementor-element-8c4d128 elementor-widget elementor-widget-image\" data-id=\"8c4d128\" data-element_type=\"widget\" data-widget_type=\"image.default\">\n\t\t\t\t<div class=\"elementor-widget-container\">\n\t\t\t\t\t\t\t\t\t\t\t\t\t\t\t<img loading=\"lazy\" decoding=\"async\" width=\"1999\" height=\"620\" src=\"https:\/\/www.cdc-gtb.lu\/wp-content\/uploads\/2021\/10\/planflecheaccesKrakelshaff.jpg\" class=\"attachment-full size-full\" alt=\"\" srcset=\"https:\/\/www.cdc-gtb.lu\/wp-content\/uploads\/2021\/10\/planflecheaccesKrakelshaff.jpg 1999w, https:\/\/www.cdc-gtb.lu\/wp-content\/uploads\/2021\/10\/planflecheaccesKrakelshaff-300x93.jpg 300w, https:\/\/www.cdc-gtb.lu\/wp-content\/uploads\/2021\/10\/planflecheaccesKrakelshaff-1024x318.jpg 1024w, https:\/\/www.cdc-gtb.lu\/wp-content\/uploads\/2021\/10\/planflecheaccesKrakelshaff-1536x476.jpg 1536w\" sizes=\"(max-width: 1999px) 100vw, 1999px\" \/>\t\t\t\t\t\t\t\t\t\t\t\t\t\t\t<\/div>\n\t\t\t\t<\/div>\n\t\t\t\t\t<\/div>\n\t\t<\/div>\n\t\t\t\t\t\t\t<\/div>\n\t\t<\/section>\n\t\t\t\t<section class=\"elementor-section elementor-top-section elementor-element elementor-element-25ae215 elementor-section-boxed elementor-section-height-default elementor-section-height-default\" data-id=\"25ae215\" data-element_type=\"section\">\n\t\t\t\t\t\t<div class=\"elementor-container elementor-column-gap-default\">\n\t\t\t\t\t<div class=\"elementor-column elementor-col-100 elementor-top-column elementor-element elementor-element-03dec29\" data-id=\"03dec29\" data-element_type=\"column\">\n\t\t\t<div class=\"elementor-widget-wrap elementor-element-populated\">\n\t\t\t\t\t\t\t\t<div class=\"elementor-element elementor-element-ae405e2 elementor-widget elementor-widget-image\" data-id=\"ae405e2\" data-element_type=\"widget\" data-widget_type=\"image.default\">\n\t\t\t\t<div class=\"elementor-widget-container\">\n\t\t\t\t\t\t\t\t\t\t\t\t<figure class=\"wp-caption\">\n\t\t\t\t\t\t\t\t\t\t<img loading=\"lazy\" decoding=\"async\" width=\"2560\" height=\"1707\" src=\"https:\/\/www.cdc-gtb.lu\/wp-content\/uploads\/2021\/10\/DSF5275-1-scaled.jpg\" class=\"attachment-full size-full\" alt=\"\" srcset=\"https:\/\/www.cdc-gtb.lu\/wp-content\/uploads\/2021\/10\/DSF5275-1-scaled.jpg 2560w, https:\/\/www.cdc-gtb.lu\/wp-content\/uploads\/2021\/10\/DSF5275-1-300x200.jpg 300w, https:\/\/www.cdc-gtb.lu\/wp-content\/uploads\/2021\/10\/DSF5275-1-1024x683.jpg 1024w, https:\/\/www.cdc-gtb.lu\/wp-content\/uploads\/2021\/10\/DSF5275-1-768x512.jpg 768w, https:\/\/www.cdc-gtb.lu\/wp-content\/uploads\/2021\/10\/DSF5275-1-1536x1024.jpg 1536w, https:\/\/www.cdc-gtb.lu\/wp-content\/uploads\/2021\/10\/DSF5275-1-2048x1365.jpg 2048w\" sizes=\"(max-width: 2560px) 100vw, 2560px\" \/>\t\t\t\t\t\t\t\t\t\t\t<figcaption class=\"widget-image-caption wp-caption-text\">Unser Trainingsraum, das Krakelshaff Training Center, wurde Ende Januar 2021 eingeweiht.<\/figcaption>\n\t\t\t\t\t\t\t\t\t\t<\/figure>\n\t\t\t\t\t\t\t\t\t<\/div>\n\t\t\t\t<\/div>\n\t\t\t\t<div class=\"elementor-element elementor-element-04118ad elementor-widget elementor-widget-image\" data-id=\"04118ad\" data-element_type=\"widget\" data-widget_type=\"image.default\">\n\t\t\t\t<div class=\"elementor-widget-container\">\n\t\t\t\t\t\t\t\t\t\t\t\t\t\t\t<img loading=\"lazy\" decoding=\"async\" width=\"2078\" height=\"1977\" src=\"https:\/\/www.cdc-gtb.lu\/wp-content\/uploads\/2022\/05\/20220420_PlanAcces_Krakelshaff_etage2.jpg\" class=\"attachment-full size-full\" alt=\"\" srcset=\"https:\/\/www.cdc-gtb.lu\/wp-content\/uploads\/2022\/05\/20220420_PlanAcces_Krakelshaff_etage2.jpg 2078w, https:\/\/www.cdc-gtb.lu\/wp-content\/uploads\/2022\/05\/20220420_PlanAcces_Krakelshaff_etage2-300x285.jpg 300w, https:\/\/www.cdc-gtb.lu\/wp-content\/uploads\/2022\/05\/20220420_PlanAcces_Krakelshaff_etage2-1024x974.jpg 1024w\" sizes=\"(max-width: 2078px) 100vw, 2078px\" \/>\t\t\t\t\t\t\t\t\t\t\t\t\t\t\t<\/div>\n\t\t\t\t<\/div>\n\t\t\t\t\t<\/div>\n\t\t<\/div>\n\t\t\t\t\t\t\t<\/div>\n\t\t<\/section>\n\t\t\t\t\t\t<\/div>\n\t\t\t\t\t<\/div>\n\t\t","protected":false},"excerpt":{"rendered":"<p>Hier finden Sie Informationen zum Zugang zum Krakelshaff Training Center.<\/p>\n","protected":false},"author":1,"featured_media":29218,"parent":0,"menu_order":0,"comment_status":"closed","ping_status":"closed","template":"","meta":{"_acf_changed":false,"footnotes":""},"class_list":["post-29565","page","type-page","status-publish","has-post-thumbnail","hentry"],"acf":[],"yoast_head":"<!-- This site is optimized with the Yoast SEO plugin v25.2 - https:\/\/yoast.com\/wordpress\/plugins\/seo\/ -->\n<title>Betreten - CDC GTB\/PAR<\/title>\n<meta name=\"description\" content=\"Hier finden Sie die Adresse und Erl\u00e4uterungen zur Anfahrt zum Krakelshaff Training Centre in Bettemburg.\" \/>\n<meta name=\"robots\" content=\"index, follow, max-snippet:-1, max-image-preview:large, max-video-preview:-1\" \/>\n<link rel=\"canonical\" href=\"https:\/\/www.cdc-gtb.lu\/de\/betreten\/\" \/>\n<meta property=\"og:locale\" content=\"de_DE\" \/>\n<meta property=\"og:type\" content=\"article\" \/>\n<meta property=\"og:title\" content=\"Betreten - CDC GTB\/PAR\" \/>\n<meta property=\"og:description\" content=\"Hier finden Sie die Adresse und Erl\u00e4uterungen zur Anfahrt zum Krakelshaff Training Centre in Bettemburg.\" \/>\n<meta property=\"og:url\" content=\"https:\/\/www.cdc-gtb.lu\/de\/betreten\/\" \/>\n<meta property=\"og:site_name\" content=\"CDC GTB\/PAR\" \/>\n<meta property=\"article:modified_time\" content=\"2023-03-20T13:59:38+00:00\" \/>\n<meta property=\"og:image\" content=\"https:\/\/www.cdc-gtb.lu\/wp-content\/uploads\/2019\/12\/bg-header.jpg\" \/>\n\t<meta property=\"og:image:width\" content=\"1920\" \/>\n\t<meta property=\"og:image:height\" content=\"790\" \/>\n\t<meta property=\"og:image:type\" content=\"image\/jpeg\" \/>\n<meta name=\"twitter:card\" content=\"summary_large_image\" \/>\n<meta name=\"twitter:label1\" content=\"Gesch\u00e4tzte Lesezeit\" \/>\n\t<meta name=\"twitter:data1\" content=\"1\u00a0Minute\" \/>\n<script type=\"application\/ld+json\" class=\"yoast-schema-graph\">{\"@context\":\"https:\/\/schema.org\",\"@graph\":[{\"@type\":\"WebPage\",\"@id\":\"https:\/\/www.cdc-gtb.lu\/de\/betreten\/\",\"url\":\"https:\/\/www.cdc-gtb.lu\/de\/betreten\/\",\"name\":\"Betreten - CDC GTB\/PAR\",\"isPartOf\":{\"@id\":\"https:\/\/www.cdc-gtb.lu\/#website\"},\"primaryImageOfPage\":{\"@id\":\"https:\/\/www.cdc-gtb.lu\/de\/betreten\/#primaryimage\"},\"image\":{\"@id\":\"https:\/\/www.cdc-gtb.lu\/de\/betreten\/#primaryimage\"},\"thumbnailUrl\":\"https:\/\/www.cdc-gtb.lu\/wp-content\/uploads\/2019\/12\/bg-header.jpg\",\"datePublished\":\"2021-11-23T15:12:51+00:00\",\"dateModified\":\"2023-03-20T13:59:38+00:00\",\"description\":\"Hier finden Sie die Adresse und Erl\u00e4uterungen zur Anfahrt zum Krakelshaff Training Centre in Bettemburg.\",\"breadcrumb\":{\"@id\":\"https:\/\/www.cdc-gtb.lu\/de\/betreten\/#breadcrumb\"},\"inLanguage\":\"de\",\"potentialAction\":[{\"@type\":\"ReadAction\",\"target\":[\"https:\/\/www.cdc-gtb.lu\/de\/betreten\/\"]}]},{\"@type\":\"ImageObject\",\"inLanguage\":\"de\",\"@id\":\"https:\/\/www.cdc-gtb.lu\/de\/betreten\/#primaryimage\",\"url\":\"https:\/\/www.cdc-gtb.lu\/wp-content\/uploads\/2019\/12\/bg-header.jpg\",\"contentUrl\":\"https:\/\/www.cdc-gtb.lu\/wp-content\/uploads\/2019\/12\/bg-header.jpg\",\"width\":1920,\"height\":790},{\"@type\":\"BreadcrumbList\",\"@id\":\"https:\/\/www.cdc-gtb.lu\/de\/betreten\/#breadcrumb\",\"itemListElement\":[{\"@type\":\"ListItem\",\"position\":1,\"name\":\"Home\",\"item\":\"https:\/\/www.cdc-gtb.lu\/de\/startseite\/\"},{\"@type\":\"ListItem\",\"position\":2,\"name\":\"Betreten\"}]},{\"@type\":\"WebSite\",\"@id\":\"https:\/\/www.cdc-gtb.lu\/#website\",\"url\":\"https:\/\/www.cdc-gtb.lu\/\",\"name\":\"CDC GTB\/PAR\",\"description\":\"Centres de Comp\u00e9tences G\u00e9nie technique du B\u00e2timent (GTB) et Parach\u00e8vement (PAR)\",\"publisher\":{\"@id\":\"https:\/\/www.cdc-gtb.lu\/#organization\"},\"potentialAction\":[{\"@type\":\"SearchAction\",\"target\":{\"@type\":\"EntryPoint\",\"urlTemplate\":\"https:\/\/www.cdc-gtb.lu\/?s={search_term_string}\"},\"query-input\":{\"@type\":\"PropertyValueSpecification\",\"valueRequired\":true,\"valueName\":\"search_term_string\"}}],\"inLanguage\":\"de\"},{\"@type\":\"Organization\",\"@id\":\"https:\/\/www.cdc-gtb.lu\/#organization\",\"name\":\"Centres de Comp\u00e9tences G\u00e9nie Technique \/ Parach\u00e8vement\",\"url\":\"https:\/\/www.cdc-gtb.lu\/\",\"logo\":{\"@type\":\"ImageObject\",\"inLanguage\":\"de\",\"@id\":\"https:\/\/www.cdc-gtb.lu\/#\/schema\/logo\/image\/\",\"url\":\"https:\/\/www.cdc-gtb.lu\/wp-content\/uploads\/2021\/07\/GTBPAR-Logo01.png\",\"contentUrl\":\"https:\/\/www.cdc-gtb.lu\/wp-content\/uploads\/2021\/07\/GTBPAR-Logo01.png\",\"width\":1500,\"height\":816,\"caption\":\"Centres de Comp\u00e9tences G\u00e9nie Technique \/ Parach\u00e8vement\"},\"image\":{\"@id\":\"https:\/\/www.cdc-gtb.lu\/#\/schema\/logo\/image\/\"},\"sameAs\":[\"https:\/\/www.linkedin.com\/company\/centresdecomp\u00e9tencesgtbpar\/\",\"https:\/\/www.youtube.com\/channel\/UC_KCD3SJtFcDi69yLCA51rA\"]}]}<\/script>\n<!-- \/ Yoast SEO plugin. -->","yoast_head_json":{"title":"Betreten - CDC GTB\/PAR","description":"Hier finden Sie die Adresse und Erl\u00e4uterungen zur Anfahrt zum Krakelshaff Training Centre in Bettemburg.","robots":{"index":"index","follow":"follow","max-snippet":"max-snippet:-1","max-image-preview":"max-image-preview:large","max-video-preview":"max-video-preview:-1"},"canonical":"https:\/\/www.cdc-gtb.lu\/de\/betreten\/","og_locale":"de_DE","og_type":"article","og_title":"Betreten - CDC GTB\/PAR","og_description":"Hier finden Sie die Adresse und Erl\u00e4uterungen zur Anfahrt zum Krakelshaff Training Centre in Bettemburg.","og_url":"https:\/\/www.cdc-gtb.lu\/de\/betreten\/","og_site_name":"CDC GTB\/PAR","article_modified_time":"2023-03-20T13:59:38+00:00","og_image":[{"width":1920,"height":790,"url":"https:\/\/www.cdc-gtb.lu\/wp-content\/uploads\/2019\/12\/bg-header.jpg","type":"image\/jpeg"}],"twitter_card":"summary_large_image","twitter_misc":{"Gesch\u00e4tzte Lesezeit":"1\u00a0Minute"},"schema":{"@context":"https:\/\/schema.org","@graph":[{"@type":"WebPage","@id":"https:\/\/www.cdc-gtb.lu\/de\/betreten\/","url":"https:\/\/www.cdc-gtb.lu\/de\/betreten\/","name":"Betreten - CDC GTB\/PAR","isPartOf":{"@id":"https:\/\/www.cdc-gtb.lu\/#website"},"primaryImageOfPage":{"@id":"https:\/\/www.cdc-gtb.lu\/de\/betreten\/#primaryimage"},"image":{"@id":"https:\/\/www.cdc-gtb.lu\/de\/betreten\/#primaryimage"},"thumbnailUrl":"https:\/\/www.cdc-gtb.lu\/wp-content\/uploads\/2019\/12\/bg-header.jpg","datePublished":"2021-11-23T15:12:51+00:00","dateModified":"2023-03-20T13:59:38+00:00","description":"Hier finden Sie die Adresse und Erl\u00e4uterungen zur Anfahrt zum Krakelshaff Training Centre in Bettemburg.","breadcrumb":{"@id":"https:\/\/www.cdc-gtb.lu\/de\/betreten\/#breadcrumb"},"inLanguage":"de","potentialAction":[{"@type":"ReadAction","target":["https:\/\/www.cdc-gtb.lu\/de\/betreten\/"]}]},{"@type":"ImageObject","inLanguage":"de","@id":"https:\/\/www.cdc-gtb.lu\/de\/betreten\/#primaryimage","url":"https:\/\/www.cdc-gtb.lu\/wp-content\/uploads\/2019\/12\/bg-header.jpg","contentUrl":"https:\/\/www.cdc-gtb.lu\/wp-content\/uploads\/2019\/12\/bg-header.jpg","width":1920,"height":790},{"@type":"BreadcrumbList","@id":"https:\/\/www.cdc-gtb.lu\/de\/betreten\/#breadcrumb","itemListElement":[{"@type":"ListItem","position":1,"name":"Home","item":"https:\/\/www.cdc-gtb.lu\/de\/startseite\/"},{"@type":"ListItem","position":2,"name":"Betreten"}]},{"@type":"WebSite","@id":"https:\/\/www.cdc-gtb.lu\/#website","url":"https:\/\/www.cdc-gtb.lu\/","name":"CDC GTB\/PAR","description":"Centres de Comp\u00e9tences G\u00e9nie technique du B\u00e2timent (GTB) et Parach\u00e8vement (PAR)","publisher":{"@id":"https:\/\/www.cdc-gtb.lu\/#organization"},"potentialAction":[{"@type":"SearchAction","target":{"@type":"EntryPoint","urlTemplate":"https:\/\/www.cdc-gtb.lu\/?s={search_term_string}"},"query-input":{"@type":"PropertyValueSpecification","valueRequired":true,"valueName":"search_term_string"}}],"inLanguage":"de"},{"@type":"Organization","@id":"https:\/\/www.cdc-gtb.lu\/#organization","name":"Centres de Comp\u00e9tences G\u00e9nie Technique \/ Parach\u00e8vement","url":"https:\/\/www.cdc-gtb.lu\/","logo":{"@type":"ImageObject","inLanguage":"de","@id":"https:\/\/www.cdc-gtb.lu\/#\/schema\/logo\/image\/","url":"https:\/\/www.cdc-gtb.lu\/wp-content\/uploads\/2021\/07\/GTBPAR-Logo01.png","contentUrl":"https:\/\/www.cdc-gtb.lu\/wp-content\/uploads\/2021\/07\/GTBPAR-Logo01.png","width":1500,"height":816,"caption":"Centres de Comp\u00e9tences G\u00e9nie Technique \/ Parach\u00e8vement"},"image":{"@id":"https:\/\/www.cdc-gtb.lu\/#\/schema\/logo\/image\/"},"sameAs":["https:\/\/www.linkedin.com\/company\/centresdecomp\u00e9tencesgtbpar\/","https:\/\/www.youtube.com\/channel\/UC_KCD3SJtFcDi69yLCA51rA"]}]}},"_links":{"self":[{"href":"https:\/\/www.cdc-gtb.lu\/de\/wp-json\/wp\/v2\/pages\/29565"}],"collection":[{"href":"https:\/\/www.cdc-gtb.lu\/de\/wp-json\/wp\/v2\/pages"}],"about":[{"href":"https:\/\/www.cdc-gtb.lu\/de\/wp-json\/wp\/v2\/types\/page"}],"author":[{"embeddable":true,"href":"https:\/\/www.cdc-gtb.lu\/de\/wp-json\/wp\/v2\/users\/1"}],"replies":[{"embeddable":true,"href":"https:\/\/www.cdc-gtb.lu\/de\/wp-json\/wp\/v2\/comments?post=29565"}],"version-history":[{"count":0,"href":"https:\/\/www.cdc-gtb.lu\/de\/wp-json\/wp\/v2\/pages\/29565\/revisions"}],"wp:featuredmedia":[{"embeddable":true,"href":"https:\/\/www.cdc-gtb.lu\/de\/wp-json\/wp\/v2\/media\/29218"}],"wp:attachment":[{"href":"https:\/\/www.cdc-gtb.lu\/de\/wp-json\/wp\/v2\/media?parent=29565"}],"curies":[{"name":"wp","href":"https:\/\/api.w.org\/{rel}","templated":true}]}}